{"id":552,"date":"2025-03-16T15:01:55","date_gmt":"2025-03-16T14:01:55","guid":{"rendered":"https:\/\/www.sabineantoine-coloriste.fr\/?page_id=552"},"modified":"2026-04-21T18:08:58","modified_gmt":"2026-04-21T16:08:58","slug":"cgv-services","status":"publish","type":"page","link":"https:\/\/www.sabineantoine-coloriste.fr\/index.php\/cgv-services\/","title":{"rendered":"CGV Services &#8211; Tarifs"},"content":{"rendered":"<style>.kb-row-layout-id552_68c518-27 > .kt-row-column-wrap{align-content:start;}:where(.kb-row-layout-id552_68c518-27 > .kt-row-column-wrap) > .wp-block-kadence-column{justify-content:start;}.kb-row-layout-id552_68c518-27 > .kt-row-column-wrap{column-gap:var(--global-kb-gap-md, 2rem);row-gap:var(--global-kb-gap-md, 2rem);max-width:var( --global-content-width, 1290px );padding-left:var(--global-content-edge-padding);padding-right:var(--global-content-edge-padding);padding-top:var(--global-kb-spacing-xxl, 5rem);padding-bottom:var(--global-kb-spacing-xxl, 5rem);grid-template-columns:minmax(0, 1fr);}.kb-row-layout-id552_68c518-27{border-top:40px solid var(--global-palette8, #F7FAFC);border-bottom:40px solid var(--global-palette8, #F7FAFC);}.kb-row-layout-id552_68c518-27{background-image:url('https:\/\/www.sabineantoine-coloriste.fr\/wp-content\/uploads\/2025\/02\/item1-5-300x175.png?wsr');background-size:cover;background-position:100% 50%;background-attachment:scroll;background-repeat:no-repeat;}.kb-row-layout-id552_68c518-27 > .kt-row-layout-overlay{opacity:1;background:linear-gradient(90deg,var(--global-palette8,#F7FAFC) 30%,rgba(255,255,255,0) 30%);}@media all and (max-width: 1024px){.kb-row-layout-id552_68c518-27 > .kt-row-column-wrap{column-gap:var(--global-kb-gap-md, 2rem);grid-template-columns:minmax(0, 1fr);}}@media all and (max-width: 1024px){.kb-row-layout-id552_68c518-27{border-top:40px solid var(--global-palette8, #F7FAFC);border-bottom:40px solid var(--global-palette8, #F7FAFC);}}@media all and (max-width: 767px){.kb-row-layout-id552_68c518-27 > .kt-row-column-wrap{padding-top:var(--global-kb-spacing-lg, 3rem);padding-bottom:var(--global-kb-spacing-lg, 3rem);grid-template-columns:minmax(0, 1fr);}.kb-row-layout-id552_68c518-27{border-top:40px solid var(--global-palette8, #F7FAFC);border-bottom:40px solid var(--global-palette8, #F7FAFC);}.kb-row-layout-id552_68c518-27 > .kt-row-layout-overlay{opacity:0.00;}}<\/style><div class=\"kb-row-layout-wrap kb-row-layout-id552_68c518-27 alignfull kt-row-has-bg wp-block-kadence-rowlayout\"><div class=\"kt-row-layout-overlay kt-row-overlay-gradient\"><\/div><div class=\"kt-row-column-wrap kt-has-1-columns kt-row-layout-equal kt-tab-layout-inherit kt-mobile-layout-row kt-row-valign-top kb-theme-content-width\">\n<style>.kadence-column552_943824-28 > .kt-inside-inner-col{padding-top:var(--global-kb-spacing-xl, 4rem);padding-right:var(--global-kb-spacing-xl, 4rem);padding-bottom:var(--global-kb-spacing-xl, 4rem);padding-left:var(--global-kb-spacing-xl, 4rem);}.kadence-column552_943824-28 > .kt-inside-inner-col{box-shadow:0px 0px 14px 0px rgba(0, 0, 0, 0.2);}.kadence-column552_943824-28 > .kt-inside-inner-col,.kadence-column552_943824-28 > .kt-inside-inner-col:before{border-top-left-radius:7px;border-top-right-radius:7px;border-bottom-right-radius:7px;border-bottom-left-radius:7px;}.kadence-column552_943824-28 > .kt-inside-inner-col{column-gap:var(--global-kb-gap-sm, 1rem);}.kadence-column552_943824-28 > .kt-inside-inner-col{flex-direction:column;}.kadence-column552_943824-28 > .kt-inside-inner-col > .aligncenter{width:100%;}.kadence-column552_943824-28 > .kt-inside-inner-col{background-color:var(--global-palette9, #ffffff);}.kadence-column552_943824-28 > .kt-inside-inner-col:before{opacity:0.3;}.kadence-column552_943824-28{position:relative;}@media all and (max-width: 1024px){.kadence-column552_943824-28 > .kt-inside-inner-col{flex-direction:column;justify-content:center;}}@media all and (max-width: 767px){.kadence-column552_943824-28 > .kt-inside-inner-col{padding-top:var(--global-kb-spacing-md, 2rem);padding-right:var(--global-kb-spacing-md, 2rem);padding-bottom:var(--global-kb-spacing-md, 2rem);padding-left:var(--global-kb-spacing-md, 2rem);flex-direction:column;justify-content:center;}}<\/style>\n<div class=\"wp-block-kadence-column kadence-column552_943824-28\"><div class=\"kt-inside-inner-col\">\n<p>E.I. MICRO-BNC \u2013 franchise TVA \u00ab&nbsp;article 293 B du CGI&nbsp;\u00bb<br>Sabine Antoine &#8211; Coloriste pour les b\u00e2timents &#8211; Ext\u00e9rieurs et Int\u00e9rieurs<br>7 rue du moulin \u00e0 vent \/ 35132 Vezin le Coquet<br>N\u00b0 SIRET&nbsp;: 500 290 309 00017<br>code APE&nbsp;: 74.90B<br><br><strong>NATURE DE LA PRESTATION<\/strong><br>La prestation de service de Sabine Antoine consiste \u00e0 \u00e9laborer une gamme de couleurs \u00e0 partir d\u2019un choix de : peintures, enduits, rev\u00eatements, carreaux\u2026 pour les maisons et les b\u00e2timents priv\u00e9s, publics, professionnels<br>&#8211; ext\u00e9rieurs : fa\u00e7ades, toitures et autres supports autour de l\u2019am\u00e9nagement paysagers<br>&#8211; espaces int\u00e9rieurs<br><br><strong>\u00c9TAPES DU PROJET DE L\u2019\u00c9TUDE COULEUR D&rsquo;UN B\u00c2TIMENT \/ INT\u00c9RIEURS<\/strong><br> <br>D\u00e9placement et observation du lieu : volumes, orientations et luminosit\u00e9s<br>&#8211; Attentes du client et faisabilit\u00e9<br>La gamme color\u00e9e est \u00e9labor\u00e9e lors de cet entretien-conseil, ou ult\u00e9rieurement si le temps accord\u00e9 au rdv n&rsquo;est pas suffisant. Dans ce cas des photos seront n\u00e9cessaires. Le temps suppl\u00e9mentaire sera factur\u00e9.<br>-Un document r\u00e9capitulatif et pr\u00e9cisant les r\u00e9f\u00e9rences sera transmis sous 48h apr\u00e8s r\u00e8glement de la facture. Ces r\u00e9f\u00e9rences seront aussi \u00e0 l\u2019artisan qui proc\u00e9dera au chantier.<br><br><strong>Le tarif est de 65\u20ac\/h, net de TVA<\/strong><br>&#8211; 65\u20ac minimum puis 65\u20ac\/h<br>&#8211; 1h minimum par pi\u00e8ce \/ int\u00e9rieurs<\/p>\n\n\n\n<p>D\u00e9lais :<br>&#8211; Pour un client particulier : r\u00e8glement imm\u00e9diat<br>&#8211; Pour un client professionnel : sous 7 jours<br>Frais \u00e9ventuels de d\u00e9placement si hors r\u00e9seau de transports en commun de la m\u00e9tropole rennaise (S.T.A.R.). Voir bar\u00e8me en vigueur.<br>Modalit\u00e9s de Paiement : virement bancaire, esp\u00e8ces, ch\u00e8ques<br><br><strong>\u00c9TAPES DU PROJET DE L\u2019\u00c9TUDE COULEUR D&rsquo;UN B\u00c2TIMENT \/ EXT\u00c9RIEURS<\/strong><br><br>1 \u2013 Observation du lieu et analyse des attentes du client : volumes, orientations et luminosit\u00e9s, environnement paysager ou urbain.<br>Prise de photos avec accord du client. Le client donnera ou non son accord pour diffuser ces images sur des supports de communication et r\u00e9seaux sociaux<br>Observation \u00e0 distance possible gr\u00e2ce aux photos du client<br><br>Paiement li\u00e9 \u00e0 l\u2019entretien-conseil <strong>65\u20ac\/h, net de TVA<\/strong><br>&#8211; 130\u20ac minimum puis 65\u20ac\/h<\/p>\n\n\n\n<p>D\u00e9lais :<br>&#8211; Pour un client particulier: r\u00e8glement imm\u00e9diat de cette facture in situ<br>&#8211; Pour un client professionnel : sous 7 jours<br>Frais \u00e9ventuels de d\u00e9placement si hors r\u00e9seau de transports en commun de la m\u00e9tropole rennaise (S.T.A.R.). Voir bar\u00e8me en vigueur.<br><br>2 \u2013 Devis (dans le cas d&rsquo;une facture sup\u00e9rieure \u00e0 500\u20ac)<br>&#8211; Le tarif \u00e9volue en fonction du b\u00e2timent : taille, complexit\u00e9, mod\u00e9natures, nombre de volumes, nombre de fournisseurs et mat\u00e9riaux\u2026<br>Pour certains chantiers la prestation peut \u00eatre calcul\u00e9e en pourcentage du co\u00fbt global du chantier, au cas par cas en fonction du type de commanditaire (MOA, MOE)<br>&#8211; Soit un devis par prestation : un devis\/coloriste + un devis\/artisan<br>&#8211; Soit un devis global par l\u2019artisan, comprenant la prestation couleur<br><br>Document r\u00e9capitulatif du 1er entretien-conseil \u00e0 valider\/signer par les deux parties<br><br>3 \u2013 L&rsquo;artisan<br>Visite de l\u2019artisan qui va r\u00e9aliser le chantier. \u00c9valuation technique des mat\u00e9riaux \u00e0 choisir : enduit, peinture,rev\u00eatements<br><br>4 \u2013 Acompte<br><strong>30 % du montant de la prestation est vers\u00e9 avec la signature du devis<\/strong><br>Concernant le paiement de l\u2019acompte de 30 % (puis celui du restant d\u00fb), le d\u00e9lai de paiement est de :<br>&#8211; pour un professionnel : 30 jrs maximum \u00e0 partir de la livraison de la prestation<br>&#8211; pour un particulier : 7 jrs maximum \u00e0 partir de la livraison de la prestation<br><br>5 \u2013 \u00c9laboration de l\u2019\u00c9tude Couleur, comprenant :<br>R\u00e9capitulatif du 1er d\u00e9placement\/entretien<br>Proposition de 2 gammes color\u00e9es minimum<br>Simulations visuelles r\u00e9alis\u00e9es sur logiciel \u2013 Avant\/Apr\u00e8s<br>R\u00e9f\u00e9rences des produits<br><br>6 \u2013 Facture pour le solde restant d\u00fb (70%)<br>&#8211; Vous \u00eates un client professionnel ou vous \u00eates l\u2019artisan qui r\u00e9alise le chantier payant ma prestation : <strong>R\u00e8glement sous 30 jours apr\u00e8s la r\u00e9ception de l\u2019\u00c9tude Couleur<\/strong><br>&#8211; Vous \u00eates un Client Particuliers : <strong>R\u00e8glement sous 7 jours apr\u00e8s la r\u00e9ception de l\u2019\u00c9tude Couleur<\/strong><br><br>7 \u2013 Modalit\u00e9s de Paiement<br>pour un virement bancaire, cf RIB<br>esp\u00e8ces, ch\u00e8ques<\/p>\n\n\n\n<hr class=\"wp-block-separator has-alpha-channel-opacity\"\/>\n\n\n\n<p><br>Les gammes de couleurs sont \u00e9labor\u00e9es par Sabine Antoine et ne sont pas la propri\u00e9t\u00e9 du client Le service consiste uniquement en la fourniture de la proposition au client et n\u2019inclut pas la r\u00e9alisation effective des travaux et leur suivi.<br>Sabine Antoine ne sera pas responsable de l\u2019\u00e9volution du chantier et de la qualit\u00e9 de l\u2019intervention des entreprises effectuant les travaux<br><br><strong>D\u00c9LAIS<\/strong><br>Une fois le devis sign\u00e9 accompagn\u00e9 de l\u2019acompte de 30 % du montant total, <strong>Sabine Antoine s\u2019engage \u00e0 r\u00e9pondre \u00e0 la commande sous 14 jours<\/strong> (sauf maladie ou \u00e9v\u00e9nement important\/justificatif fourni sur demande). Sinon, le d\u00e9passement des d\u00e9lais exclusivement caus\u00e9 par le prestataire oblige ce dernier \u00e0 rembourser 10% du prix total par mois de retard.<br>Par ailleurs, tout retard imputable au client (envoi tardif de documents, informations , etc.) entra\u00eenera automatiquement un report des d\u00e9lais annonc\u00e9s par le prestataire pour une m\u00eame dur\u00e9e ou une dur\u00e9e plus longue.<br><br><strong>R\u00c9TRACTATION<\/strong><br>Les prestations \u00e9tant un service sur-mesure, ne sont pas soumises au droit de r\u00e9tractation. Le client conform\u00e9ment \u00e0 la l\u00e9gislation en vigueur, ne pourra demander le remboursement.<br><br><strong>MODIFICATIONS \u00c9VENTUELLES DE LA PRESTATION<\/strong><br>Les \u00e9ventuelles modifications de la commande ou prestations suppl\u00e9mentaires demand\u00e9es par le client donneront lieu \u00e0 l\u2019\u00e9tablissement par le prestataire d\u2019une nouvelle confirmation \u00e9crite.<br>Il est rappel\u00e9 que toute erreur dans les informations donn\u00e9es par le client au prestataire qui engendreraient des modifications suppl\u00e9mentaires ne pourra donner lieu \u00e0 une nouvelle vague de modifications. Si le client souhaite int\u00e9grer des modifications, un devis distinct sera \u00e9mis.<br>Il est par ailleurs entendu que dans l\u2019hypoth\u00e8se d\u2019une erreur commise par le prestataire, toutes les modifications n\u00e9cessaires \u00e0 la correction de cette erreur seront apport\u00e9es gratuitement.<br><br><strong>RESPONSABILIT\u00c9S ET GARANTIES<\/strong><br>&#8211; Le projet d\u2019un ravalement color\u00e9 de fa\u00e7ade d\u00e9pos\u00e9 au service urbanisme de la municipalit\u00e9 concern\u00e9e pouvant faire l\u2019objet d\u2019un refus du fait de sa proposition color\u00e9e elle-m\u00eame, Sabine Antoine propose une deuxi\u00e8me gamme color\u00e9e tr\u00e8s proche de celles observ\u00e9es dans le contexte du b\u00e2timent\/zone concern\u00e9e et ne pouvant refaire l\u2019objet d\u2019un nouveau refus municipal.<br>&#8211; Sabine Antoine n\u2019est pas responsable d\u2019un changement d\u2019appr\u00e9ciation du client au moment de la restitution des travaux effectu\u00e9s<br>&#8211; Sabine Antoine n\u2019est pas responsable de l\u2019 \u00e9volution des mat\u00e9riaux dans le temps, ni des tarifs des artisans sollicit\u00e9s<br><br><strong>PROPRI\u00c9T\u00c9 INTELLECTUELLE<\/strong><br>&#8211; La prestation\/proposition est une cr\u00e9ation intellectuelle qui comporte des aspects fonctionnels et esth\u00e9tiques subjectifs. Le prestataire ne peut d\u00e8s lors pas garantir, malgr\u00e9 ses meilleurs efforts et le document sign\u00e9 par le client (r\u00e9capitulatif de la discussion autour des besoins) pour proposer au client une conception correspondant \u00e0 ses pr\u00e9f\u00e9rences, que la proposition conviendra au client d\u2019un point de vue esth\u00e9tique ou fonctionnel&nbsp;: le prestataire n\u2019est tenu que d\u2019une obligation de moyen et non d\u2019une obligation de r\u00e9sultat<br>&#8211; Sabine Antoine propose 2 \u00e9tudes color\u00e9es.<br>&#8211; Le client utilise le produit livr\u00e9 par le prestataire sous son enti\u00e8re responsabilit\u00e9. En cons\u00e9quence, le prestataire ne pourra \u00eatre tenu pour responsable d\u2019un quelconque pr\u00e9judice direct ou indirect qui r\u00e9sulterait de l\u2019utilisation du produit qui pourra en \u00eatre faite par le client ou les tiers.<br>&#8211; Le client s\u2019interdit donc toute reproduction ou exploitation, sous quelque forme que ce soit, de mani\u00e8re directe ou indirecte, desdites propositions, sans l\u2019autorisation expresse, \u00e9crite et pr\u00e9alable du prestataire qui peut la conditionner \u00e0 une contrepartie financi\u00e8re. Sauf mention particuli\u00e8re, l\u2019ensemble des \u00e9l\u00e9ments, quelques soit leur forme, \u00e9tablis par le prestataire au cours de sa prestation restent la propri\u00e9t\u00e9 exclusive du prestataire.<br>&#8211; Le prestataire demeure quant \u00e0 lui libre d\u2019utiliser l\u2019ensemble des documents \u00e9tablis pour la prestation, ses propositions relatives au produit, et de proc\u00e9der ou de faire proc\u00e9der \u00e0 la diffusion d\u2019extraits, dans un cadre uniquement promotionnel, publicitaire et non lucratif.<br><strong>Le prestataire demandera l\u2019autorisation de l\u2019utilisation des photos du chantier termin\u00e9<\/strong><br><br><strong>LOI APPLICABLE ET LITIGE<\/strong><br>Les pr\u00e9sentes Conditions G\u00e9n\u00e9rales de Vente de Services sont soumises au droit fran\u00e7ais.<br>En cas de litige entre le client et le prestataire, les parties tenteront dans un premier temps de r\u00e9soudre leur diff\u00e9rend par accord amiable en fixant \u00e0 cette occasion un d\u00e9lai limite pour cette r\u00e9solution.<br>A d\u00e9faut d\u2019accord amiable dans le d\u00e9lai fix\u00e9 par le client et le prestataire, les parties s\u2019accordent pour donner comp\u00e9tence exclusive aux juridictions de Rennes<br><br>Si vous \u00eates un client particuliers voici le M\u00e9diateur de la consommation choisi et r\u00e9mun\u00e9r\u00e9 par Sabine Antoine = AMBO 06 46 26 62 81 <a href=\"mailto:mediation.conso@ambo.bzh\">mediation.conso@ambo.bzh<\/a><\/p>\n\n\n\n<p>\u00ab\u00a0M\u00e9diation des litiges de la consommation\u00a0\u00bb<\/p>\n\n\n\n<p>Conform\u00e9ment aux articles L611-1 \u00e0 L611-3 et R612-1 \u00e0 R616-2 du code de la consommation, tout consommateur a le droit de recourir gratuitement \u00e0 un m\u00e9diateur de la consommation, en vue de la r\u00e9solution amiable du litige qui l&rsquo;oppose \u00e0 un professionnel, d\u00e8s lors que le litige li\u00e9 \u00e0 la consommation n&rsquo;a pu \u00eatre r\u00e9gl\u00e9 amiablement et directement avec le professionnel. A cet effet, le professionnel garantit au consommateur le recours effectif \u00e0 un dispositif de m\u00e9diation de la consommation. L&rsquo;entit\u00e9 de de m\u00e9diation de la consommation d\u00e9sign\u00e9e par le professionnel est : l&rsquo;Association AMBO qui peut \u00eatre saisie soit par courrier postal, soit par voie \u00e9lectronique<\/p>\n\n\n\n<ul class=\"wp-block-list\">\n<li>AMBO maison des Associations Jean le Coutaller 5 pl. Louis Bonneaud &#8211; Lorient 56100<\/li>\n\n\n\n<li>https:\/\/www.mediation-consommation.ambo.bzh\/formulaire-mediation-consommation\/<\/li>\n<\/ul>\n\n\n\n<p>Assureur : GMF<\/p>\n<\/div><\/div>\n\n<\/div><\/div>","protected":false},"excerpt":{"rendered":"<p>E.I. MICRO-BNC \u2013 franchise TVA \u00ab&nbsp;article 293 B du CGI&nbsp;\u00bbSabine Antoine &#8211; Coloriste pour les b\u00e2timents &#8211; Ext\u00e9rieurs et Int\u00e9rieurs7 rue du moulin \u00e0 vent \/ 35132 Vezin le CoquetN\u00b0 SIRET&nbsp;: 500 290 309 00017code APE&nbsp;: 74.90B NATURE DE LA PRESTATIONLa prestation de service de Sabine Antoine consiste \u00e0 \u00e9laborer une gamme de couleurs \u00e0&#8230;<\/p>\n","protected":false},"author":1,"featured_media":0,"parent":0,"menu_order":0,"comment_status":"closed","ping_status":"closed","template":"","meta":{"_kadence_starter_templates_imported_post":false,"_kad_post_transparent":"","_kad_post_title":"","_kad_post_layout":"","_kad_post_sidebar_id":"","_kad_post_content_style":"","_kad_post_vertical_padding":"","_kad_post_feature":"","_kad_post_feature_position":"","_kad_post_header":false,"_kad_post_footer":false,"_kad_post_classname":"","footnotes":""},"class_list":["post-552","page","type-page","status-publish","hentry"],"_links":{"self":[{"href":"https:\/\/www.sabineantoine-coloriste.fr\/index.php\/wp-json\/wp\/v2\/pages\/552","targetHints":{"allow":["GET"]}}],"collection":[{"href":"https:\/\/www.sabineantoine-coloriste.fr\/index.php\/wp-json\/wp\/v2\/pages"}],"about":[{"href":"https:\/\/www.sabineantoine-coloriste.fr\/index.php\/wp-json\/wp\/v2\/types\/page"}],"author":[{"embeddable":true,"href":"https:\/\/www.sabineantoine-coloriste.fr\/index.php\/wp-json\/wp\/v2\/users\/1"}],"replies":[{"embeddable":true,"href":"https:\/\/www.sabineantoine-coloriste.fr\/index.php\/wp-json\/wp\/v2\/comments?post=552"}],"version-history":[{"count":32,"href":"https:\/\/www.sabineantoine-coloriste.fr\/index.php\/wp-json\/wp\/v2\/pages\/552\/revisions"}],"predecessor-version":[{"id":1274,"href":"https:\/\/www.sabineantoine-coloriste.fr\/index.php\/wp-json\/wp\/v2\/pages\/552\/revisions\/1274"}],"wp:attachment":[{"href":"https:\/\/www.sabineantoine-coloriste.fr\/index.php\/wp-json\/wp\/v2\/media?parent=552"}],"curies":[{"name":"wp","href":"https:\/\/api.w.org\/{rel}","templated":true}]}}