{"id":545,"date":"2025-03-16T14:31:41","date_gmt":"2025-03-16T13:31:41","guid":{"rendered":"https:\/\/www.sabineantoine-coloriste.fr\/?page_id=545"},"modified":"2025-11-03T20:27:58","modified_gmt":"2025-11-03T19:27:58","slug":"conseiller-les-particuliers","status":"publish","type":"page","link":"https:\/\/www.sabineantoine-coloriste.fr\/index.php\/conseiller-les-particuliers\/","title":{"rendered":"Conseiller les particuliers"},"content":{"rendered":"<style>.kb-row-layout-id545_5dd181-f2 > .kt-row-column-wrap{align-content:start;}:where(.kb-row-layout-id545_5dd181-f2 > .kt-row-column-wrap) > .wp-block-kadence-column{justify-content:start;}.kb-row-layout-id545_5dd181-f2 > .kt-row-column-wrap{column-gap:var(--global-kb-gap-md, 2rem);row-gap:var(--global-kb-gap-md, 2rem);max-width:var( --global-content-width, 1290px );padding-left:var(--global-content-edge-padding);padding-right:var(--global-content-edge-padding);padding-top:var(--global-kb-spacing-xxl, 5rem);padding-bottom:var(--global-kb-spacing-xxl, 5rem);grid-template-columns:minmax(0, 1fr);}.kb-row-layout-id545_5dd181-f2{border-top:40px solid var(--global-palette8, #F7FAFC);border-bottom:40px solid var(--global-palette8, #F7FAFC);}.kb-row-layout-id545_5dd181-f2{background-image:url('https:\/\/www.sabineantoine-coloriste.fr\/wp-content\/uploads\/2025\/02\/item1-5-300x175.png?wsr');background-size:cover;background-position:100% 50%;background-attachment:scroll;background-repeat:no-repeat;}.kb-row-layout-id545_5dd181-f2 > .kt-row-layout-overlay{opacity:1;background:linear-gradient(90deg,var(--global-palette8,#F7FAFC) 30%,rgba(255,255,255,0) 30%);}@media all and (max-width: 1024px){.kb-row-layout-id545_5dd181-f2 > .kt-row-column-wrap{column-gap:var(--global-kb-gap-md, 2rem);grid-template-columns:minmax(0, 1fr);}}@media all and (max-width: 1024px){.kb-row-layout-id545_5dd181-f2{border-top:40px solid var(--global-palette8, #F7FAFC);border-bottom:40px solid var(--global-palette8, #F7FAFC);}}@media all and (max-width: 767px){.kb-row-layout-id545_5dd181-f2 > .kt-row-column-wrap{padding-top:var(--global-kb-spacing-lg, 3rem);padding-bottom:var(--global-kb-spacing-lg, 3rem);grid-template-columns:minmax(0, 1fr);}.kb-row-layout-id545_5dd181-f2{border-top:40px solid var(--global-palette8, #F7FAFC);border-bottom:40px solid var(--global-palette8, #F7FAFC);}.kb-row-layout-id545_5dd181-f2 > .kt-row-layout-overlay{opacity:0.00;}}<\/style><div class=\"kb-row-layout-wrap kb-row-layout-id545_5dd181-f2 alignfull kt-row-has-bg wp-block-kadence-rowlayout\"><div class=\"kt-row-layout-overlay kt-row-overlay-gradient\"><\/div><div class=\"kt-row-column-wrap kt-has-1-columns kt-row-layout-equal kt-tab-layout-inherit kt-mobile-layout-row kt-row-valign-top kb-theme-content-width\">\n<style>.kadence-column545_ddf9bc-2d > .kt-inside-inner-col{padding-top:var(--global-kb-spacing-xl, 4rem);padding-right:var(--global-kb-spacing-xl, 4rem);padding-bottom:var(--global-kb-spacing-xl, 4rem);padding-left:var(--global-kb-spacing-xl, 4rem);}.kadence-column545_ddf9bc-2d > .kt-inside-inner-col{box-shadow:0px 0px 14px 0px rgba(0, 0, 0, 0.2);}.kadence-column545_ddf9bc-2d > .kt-inside-inner-col,.kadence-column545_ddf9bc-2d > .kt-inside-inner-col:before{border-top-left-radius:7px;border-top-right-radius:7px;border-bottom-right-radius:7px;border-bottom-left-radius:7px;}.kadence-column545_ddf9bc-2d > .kt-inside-inner-col{column-gap:var(--global-kb-gap-sm, 1rem);}.kadence-column545_ddf9bc-2d > .kt-inside-inner-col{flex-direction:column;}.kadence-column545_ddf9bc-2d > .kt-inside-inner-col > .aligncenter{width:100%;}.kadence-column545_ddf9bc-2d > .kt-inside-inner-col{background-color:var(--global-palette9, #ffffff);}.kadence-column545_ddf9bc-2d > .kt-inside-inner-col:before{opacity:0.3;}.kadence-column545_ddf9bc-2d{position:relative;}@media all and (max-width: 1024px){.kadence-column545_ddf9bc-2d > .kt-inside-inner-col{flex-direction:column;justify-content:center;}}@media all and (max-width: 767px){.kadence-column545_ddf9bc-2d > .kt-inside-inner-col{padding-top:var(--global-kb-spacing-md, 2rem);padding-right:var(--global-kb-spacing-md, 2rem);padding-bottom:var(--global-kb-spacing-md, 2rem);padding-left:var(--global-kb-spacing-md, 2rem);flex-direction:column;justify-content:center;}}<\/style>\n<div class=\"wp-block-kadence-column kadence-column545_ddf9bc-2d\"><div class=\"kt-inside-inner-col\">\n<p>Consultante coloriste, je cr\u00e9e pour vous une harmonie de teintes qui embellira votre cadre de vie<br>&#8211; fa\u00e7ades, toitures et espaces de vie en ext\u00e9rieur (jardin, cours, patio, balcon\u2026)<br>&#8211; espaces int\u00e9rieurs<br>A partir de peintures et autres rev\u00eatements, je vous proposerai une atmosph\u00e8re agr\u00e9able qui r\u00e9pondra \u00e0 vos envies et \u00e0 la coh\u00e9rence du lieu<br>Il peut s\u2019agir d\u2019une r\u00e9novation, d\u2019un embellissement, d\u2019une construction<br>Je choisis des fournitures de qualit\u00e9 et m\u2019entoure d\u2019entreprises de confiance<br><br>\u00c9tapes de ma prestation<br>&#8211; Discussion autour de votre projet, sur le lieu du futur chantier ou par t\u00e9l\u00e9phone\/photos<br>  Observation du lieu (maison, jardin\u2026) et de son environnement paysager (rural, urbain)<br>&#8211; Proposition d&rsquo;harmonies color\u00e9es, avec, selon le projet, simulations visuelles et mise en situation sur logiciel<br>&#8211; Si besoin, accompagnement administratif avec d\u00e9p\u00f4t du dossier au service urbanisme municipal<\/p>\n<\/div><\/div>\n\n<\/div><\/div>","protected":false},"excerpt":{"rendered":"<p>Consultante coloriste, je cr\u00e9e pour vous une harmonie de teintes qui embellira votre cadre de vie&#8211; fa\u00e7ades, toitures et espaces de vie en ext\u00e9rieur (jardin, cours, patio, balcon\u2026)&#8211; espaces int\u00e9rieursA partir de peintures et autres rev\u00eatements, je vous proposerai une atmosph\u00e8re agr\u00e9able qui r\u00e9pondra \u00e0 vos envies et \u00e0 la coh\u00e9rence du lieuIl peut s\u2019agir&#8230;<\/p>\n","protected":false},"author":1,"featured_media":0,"parent":0,"menu_order":0,"comment_status":"closed","ping_status":"closed","template":"","meta":{"_kadence_starter_templates_imported_post":false,"_kad_post_transparent":"","_kad_post_title":"","_kad_post_layout":"","_kad_post_sidebar_id":"","_kad_post_content_style":"","_kad_post_vertical_padding":"","_kad_post_feature":"","_kad_post_feature_position":"","_kad_post_header":false,"_kad_post_footer":false,"_kad_post_classname":"","footnotes":""},"class_list":["post-545","page","type-page","status-publish","hentry"],"_links":{"self":[{"href":"https:\/\/www.sabineantoine-coloriste.fr\/index.php\/wp-json\/wp\/v2\/pages\/545","targetHints":{"allow":["GET"]}}],"collection":[{"href":"https:\/\/www.sabineantoine-coloriste.fr\/index.php\/wp-json\/wp\/v2\/pages"}],"about":[{"href":"https:\/\/www.sabineantoine-coloriste.fr\/index.php\/wp-json\/wp\/v2\/types\/page"}],"author":[{"embeddable":true,"href":"https:\/\/www.sabineantoine-coloriste.fr\/index.php\/wp-json\/wp\/v2\/users\/1"}],"replies":[{"embeddable":true,"href":"https:\/\/www.sabineantoine-coloriste.fr\/index.php\/wp-json\/wp\/v2\/comments?post=545"}],"version-history":[{"count":12,"href":"https:\/\/www.sabineantoine-coloriste.fr\/index.php\/wp-json\/wp\/v2\/pages\/545\/revisions"}],"predecessor-version":[{"id":1148,"href":"https:\/\/www.sabineantoine-coloriste.fr\/index.php\/wp-json\/wp\/v2\/pages\/545\/revisions\/1148"}],"wp:attachment":[{"href":"https:\/\/www.sabineantoine-coloriste.fr\/index.php\/wp-json\/wp\/v2\/media?parent=545"}],"curies":[{"name":"wp","href":"https:\/\/api.w.org\/{rel}","templated":true}]}}