{"id":532,"date":"2025-03-16T13:47:31","date_gmt":"2025-03-16T12:47:31","guid":{"rendered":"https:\/\/www.sabineantoine-coloriste.fr\/?page_id=532"},"modified":"2025-11-03T20:27:28","modified_gmt":"2025-11-03T19:27:28","slug":"collaborer-avec-les-professionnels","status":"publish","type":"page","link":"https:\/\/www.sabineantoine-coloriste.fr\/index.php\/collaborer-avec-les-professionnels\/","title":{"rendered":"Collaborer avec les professionnels"},"content":{"rendered":"<style>.kb-row-layout-id532_a50a86-92 > .kt-row-column-wrap{align-content:start;}:where(.kb-row-layout-id532_a50a86-92 > .kt-row-column-wrap) > .wp-block-kadence-column{justify-content:start;}.kb-row-layout-id532_a50a86-92 > .kt-row-column-wrap{column-gap:var(--global-kb-gap-md, 2rem);row-gap:var(--global-kb-gap-md, 2rem);max-width:var( --global-content-width, 1290px );padding-left:var(--global-content-edge-padding);padding-right:var(--global-content-edge-padding);padding-top:var(--global-kb-spacing-xxl, 5rem);padding-bottom:var(--global-kb-spacing-xxl, 5rem);grid-template-columns:minmax(0, 1fr);}.kb-row-layout-id532_a50a86-92{border-top:40px solid var(--global-palette8, #F7FAFC);border-bottom:40px solid var(--global-palette8, #F7FAFC);}.kb-row-layout-id532_a50a86-92{background-image:url('https:\/\/www.sabineantoine-coloriste.fr\/wp-content\/uploads\/2025\/02\/item1-5-300x175.png?wsr');background-size:cover;background-position:100% 50%;background-attachment:scroll;background-repeat:no-repeat;}.kb-row-layout-id532_a50a86-92 > .kt-row-layout-overlay{opacity:1;background:linear-gradient(90deg,var(--global-palette8,#F7FAFC) 30%,rgba(255,255,255,0) 30%);}@media all and (max-width: 1024px){.kb-row-layout-id532_a50a86-92 > .kt-row-column-wrap{column-gap:var(--global-kb-gap-md, 2rem);grid-template-columns:minmax(0, 1fr);}}@media all and (max-width: 1024px){.kb-row-layout-id532_a50a86-92{border-top:40px solid var(--global-palette8, #F7FAFC);border-bottom:40px solid var(--global-palette8, #F7FAFC);}}@media all and (max-width: 767px){.kb-row-layout-id532_a50a86-92 > .kt-row-column-wrap{padding-top:var(--global-kb-spacing-lg, 3rem);padding-bottom:var(--global-kb-spacing-lg, 3rem);grid-template-columns:minmax(0, 1fr);}.kb-row-layout-id532_a50a86-92{border-top:40px solid var(--global-palette8, #F7FAFC);border-bottom:40px solid var(--global-palette8, #F7FAFC);}.kb-row-layout-id532_a50a86-92 > .kt-row-layout-overlay{opacity:0.00;}}<\/style><div class=\"kb-row-layout-wrap kb-row-layout-id532_a50a86-92 alignfull kt-row-has-bg wp-block-kadence-rowlayout\"><div class=\"kt-row-layout-overlay kt-row-overlay-gradient\"><\/div><div class=\"kt-row-column-wrap kt-has-1-columns kt-row-layout-equal kt-tab-layout-inherit kt-mobile-layout-row kt-row-valign-top kb-theme-content-width\">\n<style>.kadence-column532_e8f280-3d > .kt-inside-inner-col{padding-top:var(--global-kb-spacing-xl, 4rem);padding-right:var(--global-kb-spacing-xl, 4rem);padding-bottom:var(--global-kb-spacing-xl, 4rem);padding-left:var(--global-kb-spacing-xl, 4rem);}.kadence-column532_e8f280-3d > .kt-inside-inner-col{box-shadow:0px 0px 14px 0px rgba(0, 0, 0, 0.2);}.kadence-column532_e8f280-3d > .kt-inside-inner-col,.kadence-column532_e8f280-3d > .kt-inside-inner-col:before{border-top-left-radius:7px;border-top-right-radius:7px;border-bottom-right-radius:7px;border-bottom-left-radius:7px;}.kadence-column532_e8f280-3d > .kt-inside-inner-col{column-gap:var(--global-kb-gap-sm, 1rem);}.kadence-column532_e8f280-3d > .kt-inside-inner-col{flex-direction:column;}.kadence-column532_e8f280-3d > .kt-inside-inner-col > .aligncenter{width:100%;}.kadence-column532_e8f280-3d > .kt-inside-inner-col{background-color:var(--global-palette9, #ffffff);}.kadence-column532_e8f280-3d > .kt-inside-inner-col:before{opacity:0.3;}.kadence-column532_e8f280-3d{position:relative;}@media all and (max-width: 1024px){.kadence-column532_e8f280-3d > .kt-inside-inner-col{flex-direction:column;justify-content:center;}}@media all and (max-width: 767px){.kadence-column532_e8f280-3d > .kt-inside-inner-col{padding-top:var(--global-kb-spacing-md, 2rem);padding-right:var(--global-kb-spacing-md, 2rem);padding-bottom:var(--global-kb-spacing-md, 2rem);padding-left:var(--global-kb-spacing-md, 2rem);flex-direction:column;justify-content:center;}}<\/style>\n<div class=\"wp-block-kadence-column kadence-column532_e8f280-3d\"><div class=\"kt-inside-inner-col\">\n<p>Vous \u00eates artisan (couvreur, peintre, fa\u00e7adier, carreleur, paysagiste),<br>ou architecte, constructeur\u2026<br><br>Ma prestation de coloriste sera une valeur ajout\u00e9e pour votre entreprise.<br><br>Associons nos savoir-faire pour la mise en \u0153uvre de projets de r\u00e9novation, embellissement, construction de maisons et b\u00e2timents, am\u00e9nagement de jardins, cours et patios, etc<br><br>\u00c9tapes de ma prestation<br>&#8211; Observation du lieu et de son environnement paysager (rural, urbain)<br>&#8211; \u00c9laborations d\u2019harmonies color\u00e9es, avec simulations visuelles et mise en situation sur logiciel<br>&#8211; \u00c9tude et respect de votre cahier des charges et des param\u00e8tres soumis par le projet<\/p>\n<\/div><\/div>\n\n<\/div><\/div>","protected":false},"excerpt":{"rendered":"<p>Vous \u00eates artisan (couvreur, peintre, fa\u00e7adier, carreleur, paysagiste),ou architecte, constructeur\u2026 Ma prestation de coloriste sera une valeur ajout\u00e9e pour votre entreprise. Associons nos savoir-faire pour la mise en \u0153uvre de projets de r\u00e9novation, embellissement, construction de maisons et b\u00e2timents, am\u00e9nagement de jardins, cours et patios, etc \u00c9tapes de ma prestation&#8211; Observation du lieu et de&#8230;<\/p>\n","protected":false},"author":1,"featured_media":0,"parent":0,"menu_order":0,"comment_status":"closed","ping_status":"closed","template":"","meta":{"_kadence_starter_templates_imported_post":false,"_kad_post_transparent":"","_kad_post_title":"","_kad_post_layout":"","_kad_post_sidebar_id":"","_kad_post_content_style":"","_kad_post_vertical_padding":"","_kad_post_feature":"","_kad_post_feature_position":"","_kad_post_header":false,"_kad_post_footer":false,"_kad_post_classname":"","footnotes":""},"class_list":["post-532","page","type-page","status-publish","hentry"],"_links":{"self":[{"href":"https:\/\/www.sabineantoine-coloriste.fr\/index.php\/wp-json\/wp\/v2\/pages\/532","targetHints":{"allow":["GET"]}}],"collection":[{"href":"https:\/\/www.sabineantoine-coloriste.fr\/index.php\/wp-json\/wp\/v2\/pages"}],"about":[{"href":"https:\/\/www.sabineantoine-coloriste.fr\/index.php\/wp-json\/wp\/v2\/types\/page"}],"author":[{"embeddable":true,"href":"https:\/\/www.sabineantoine-coloriste.fr\/index.php\/wp-json\/wp\/v2\/users\/1"}],"replies":[{"embeddable":true,"href":"https:\/\/www.sabineantoine-coloriste.fr\/index.php\/wp-json\/wp\/v2\/comments?post=532"}],"version-history":[{"count":17,"href":"https:\/\/www.sabineantoine-coloriste.fr\/index.php\/wp-json\/wp\/v2\/pages\/532\/revisions"}],"predecessor-version":[{"id":1147,"href":"https:\/\/www.sabineantoine-coloriste.fr\/index.php\/wp-json\/wp\/v2\/pages\/532\/revisions\/1147"}],"wp:attachment":[{"href":"https:\/\/www.sabineantoine-coloriste.fr\/index.php\/wp-json\/wp\/v2\/media?parent=532"}],"curies":[{"name":"wp","href":"https:\/\/api.w.org\/{rel}","templated":true}]}}